{"id":21,"date":"2025-06-16T15:52:09","date_gmt":"2025-06-16T13:52:09","guid":{"rendered":"https:\/\/kystarbeid.hornstaging.no\/?page_id=21"},"modified":"2025-09-26T16:24:30","modified_gmt":"2025-09-26T14:24:30","slug":"equipment","status":"publish","type":"page","link":"https:\/\/kystarbeid.no\/en\/equipment\/","title":{"rendered":"Equipment"},"content":{"rendered":"<div data-elementor-type=\"wp-page\" data-elementor-id=\"21\" class=\"elementor elementor-21\" data-elementor-post-type=\"page\">\n\t\t\t\t<div class=\"elementor-element elementor-element-4768e4a e-flex e-con-boxed e-con e-parent\" data-id=\"4768e4a\" data-element_type=\"container\" data-settings=\"{&quot;background_background&quot;:&quot;classic&quot;}\">\n\t\t\t\t\t<div class=\"e-con-inner\">\n\t\t<div class=\"elementor-element elementor-element-ab3ace1 e-con-full e-flex e-con e-child\" data-id=\"ab3ace1\" data-element_type=\"container\">\n\t\t\t\t<div class=\"elementor-element elementor-element-fa981c2 elementor-widget elementor-widget-heading\" data-id=\"fa981c2\" data-element_type=\"widget\" data-widget_type=\"heading.default\">\n\t\t\t\t<div class=\"elementor-widget-container\">\n\t\t\t\t\t<h1 class=\"elementor-heading-title elementor-size-default\">Our equipment<\/h1>\t\t\t\t<\/div>\n\t\t\t\t<\/div>\n\t\t\t\t<div class=\"elementor-element elementor-element-e781376 elementor-widget elementor-widget-text-editor\" data-id=\"e781376\" data-element_type=\"widget\" data-widget_type=\"text-editor.default\">\n\t\t\t\t<div class=\"elementor-widget-container\">\n\t\t\t\t\t\t\t\t\t<p>Kystarbeid AS provides modern vessels, diving stations, decompression chambers, and specialized tools. Our equipment ensures safe, efficient, and flexible underwater operations along the entire coast.<\/p>\t\t\t\t\t\t\t\t<\/div>\n\t\t\t\t<\/div>\n\t\t<div class=\"elementor-element elementor-element-9761731 e-con-full e-flex e-con e-child\" data-id=\"9761731\" data-element_type=\"container\">\n\t\t\t\t<div class=\"elementor-element elementor-element-54fb024 elementor-mobile-align-justify elementor-widget elementor-widget-button\" data-id=\"54fb024\" data-element_type=\"widget\" data-widget_type=\"button.default\">\n\t\t\t\t<div class=\"elementor-widget-container\">\n\t\t\t\t\t\t\t\t\t<div class=\"elementor-button-wrapper\">\n\t\t\t\t\t<a class=\"elementor-button elementor-button-link elementor-size-sm\" href=\"\/en\/services\/\">\n\t\t\t\t\t\t<span class=\"elementor-button-content-wrapper\">\n\t\t\t\t\t\t\t\t\t<span class=\"elementor-button-text\">Our services<\/span>\n\t\t\t\t\t<\/span>\n\t\t\t\t\t<\/a>\n\t\t\t\t<\/div>\n\t\t\t\t\t\t\t\t<\/div>\n\t\t\t\t<\/div>\n\t\t\t\t<div class=\"elementor-element elementor-element-79e0397 elementor-mobile-align-justify elementor-widget elementor-widget-button\" data-id=\"79e0397\" data-element_type=\"widget\" data-widget_type=\"button.default\">\n\t\t\t\t<div class=\"elementor-widget-container\">\n\t\t\t\t\t\t\t\t\t<div class=\"elementor-button-wrapper\">\n\t\t\t\t\t<a class=\"elementor-button elementor-button-link elementor-size-sm\" href=\"\/en\/contact\/\">\n\t\t\t\t\t\t<span class=\"elementor-button-content-wrapper\">\n\t\t\t\t\t\t\t\t\t<span class=\"elementor-button-text\">Contact us<\/span>\n\t\t\t\t\t<\/span>\n\t\t\t\t\t<\/a>\n\t\t\t\t<\/div>\n\t\t\t\t\t\t\t\t<\/div>\n\t\t\t\t<\/div>\n\t\t\t\t<\/div>\n\t\t\t\t<\/div>\n\t\t\t\t\t<\/div>\n\t\t\t\t<\/div>\n\t\t<div class=\"elementor-element elementor-element-afd3cf2 e-flex e-con-boxed e-con e-parent\" data-id=\"afd3cf2\" data-element_type=\"container\" data-settings=\"{&quot;background_background&quot;:&quot;classic&quot;}\">\n\t\t\t\t\t<div class=\"e-con-inner\">\n\t\t<div class=\"elementor-element elementor-element-d2a4827 e-con-full e-flex e-con e-child\" data-id=\"d2a4827\" data-element_type=\"container\">\n\t\t\t\t<div class=\"elementor-element elementor-element-91d585d elementor-grid-tablet-1 elementor-grid-3 elementor-grid-mobile-1 elementor-widget elementor-widget-loop-grid\" data-id=\"91d585d\" data-element_type=\"widget\" data-settings=\"{&quot;template_id&quot;:&quot;107&quot;,&quot;columns_tablet&quot;:1,&quot;_skin&quot;:&quot;post&quot;,&quot;columns&quot;:&quot;3&quot;,&quot;columns_mobile&quot;:&quot;1&quot;,&quot;edit_handle_selector&quot;:&quot;[data-elementor-type=\\&quot;loop-item\\&quot;]&quot;,&quot;row_gap&quot;:{&quot;unit&quot;:&quot;px&quot;,&quot;size&quot;:&quot;&quot;,&quot;sizes&quot;:[]},&quot;row_gap_tablet&quot;:{&quot;unit&quot;:&quot;px&quot;,&quot;size&quot;:&quot;&quot;,&quot;sizes&quot;:[]},&quot;row_gap_mobile&quot;:{&quot;unit&quot;:&quot;px&quot;,&quot;size&quot;:&quot;&quot;,&quot;sizes&quot;:[]}}\" data-widget_type=\"loop-grid.post\">\n\t\t\t\t<div class=\"elementor-widget-container\">\n\t\t\t\t\t\t\t<div class=\"elementor-loop-container elementor-grid\" role=\"list\">\n\t\t<style id=\"loop-107\">.elementor-107 .elementor-element.elementor-element-e1cfd3e{--display:flex;--flex-direction:column;--container-widget-width:100%;--container-widget-height:initial;--container-widget-flex-grow:0;--container-widget-align-self:initial;--flex-wrap-mobile:wrap;--padding-top:0px;--padding-bottom:0px;--padding-left:0px;--padding-right:0px;}.elementor-widget-image .widget-image-caption{color:var( --e-global-color-text );font-family:var( --e-global-typography-text-font-family ), Sans-serif;font-weight:var( --e-global-typography-text-font-weight );}.elementor-107 .elementor-element.elementor-element-6dafae9 img{width:100%;height:350px;object-fit:cover;object-position:center center;border-radius:8px 8px 8px 8px;}.elementor-107 .elementor-element.elementor-element-4ec3304{--display:flex;--flex-direction:row;--container-widget-width:calc( ( 1 - var( --container-widget-flex-grow ) ) * 100% );--container-widget-height:100%;--container-widget-flex-grow:1;--container-widget-align-self:stretch;--flex-wrap-mobile:wrap;--justify-content:space-between;--align-items:center;border-style:solid;--border-style:solid;border-width:0px 0px 1px 0px;--border-top-width:0px;--border-right-width:0px;--border-bottom-width:1px;--border-left-width:0px;border-color:#FFFFFF1F;--border-color:#FFFFFF1F;--padding-top:0px;--padding-bottom:12px;--padding-left:0px;--padding-right:0px;}.elementor-widget-heading .elementor-heading-title{font-family:var( --e-global-typography-primary-font-family ), Sans-serif;font-weight:var( --e-global-typography-primary-font-weight );color:var( --e-global-color-primary );}.elementor-107 .elementor-element.elementor-element-8f813ad .elementor-heading-title{font-family:\"Inter\", Sans-serif;font-size:25px;font-weight:600;color:#FFFFFF;}.elementor-widget-icon.elementor-view-stacked .elementor-icon{background-color:var( --e-global-color-primary );}.elementor-widget-icon.elementor-view-framed .elementor-icon, .elementor-widget-icon.elementor-view-default .elementor-icon{color:var( --e-global-color-primary );border-color:var( --e-global-color-primary );}.elementor-widget-icon.elementor-view-framed .elementor-icon, .elementor-widget-icon.elementor-view-default .elementor-icon svg{fill:var( --e-global-color-primary );}.elementor-107 .elementor-element.elementor-element-cef4f35 .elementor-icon-wrapper{text-align:center;}.elementor-107 .elementor-element.elementor-element-cef4f35.elementor-view-stacked .elementor-icon{background-color:var( --e-global-color-primary );color:#FFFFFF;}.elementor-107 .elementor-element.elementor-element-cef4f35.elementor-view-framed .elementor-icon, .elementor-107 .elementor-element.elementor-element-cef4f35.elementor-view-default .elementor-icon{color:var( --e-global-color-primary );border-color:var( --e-global-color-primary );}.elementor-107 .elementor-element.elementor-element-cef4f35.elementor-view-framed .elementor-icon, .elementor-107 .elementor-element.elementor-element-cef4f35.elementor-view-default .elementor-icon svg{fill:var( --e-global-color-primary );}.elementor-107 .elementor-element.elementor-element-cef4f35.elementor-view-framed .elementor-icon{background-color:#FFFFFF;}.elementor-107 .elementor-element.elementor-element-cef4f35.elementor-view-stacked .elementor-icon svg{fill:#FFFFFF;}.elementor-107 .elementor-element.elementor-element-cef4f35.elementor-view-stacked .elementor-icon:hover{background-color:var( --e-global-color-secondary );color:#FFFFFF;}.elementor-107 .elementor-element.elementor-element-cef4f35.elementor-view-framed .elementor-icon:hover, .elementor-107 .elementor-element.elementor-element-cef4f35.elementor-view-default .elementor-icon:hover{color:var( --e-global-color-secondary );border-color:var( --e-global-color-secondary );}.elementor-107 .elementor-element.elementor-element-cef4f35.elementor-view-framed .elementor-icon:hover, .elementor-107 .elementor-element.elementor-element-cef4f35.elementor-view-default .elementor-icon:hover svg{fill:var( --e-global-color-secondary );}.elementor-107 .elementor-element.elementor-element-cef4f35.elementor-view-framed .elementor-icon:hover{background-color:#FFFFFF;}.elementor-107 .elementor-element.elementor-element-cef4f35.elementor-view-stacked .elementor-icon:hover svg{fill:#FFFFFF;}.elementor-107 .elementor-element.elementor-element-cef4f35 .elementor-icon{font-size:20px;padding:5px;}.elementor-107 .elementor-element.elementor-element-cef4f35 .elementor-icon svg{height:20px;}.elementor-widget-text-editor{font-family:var( --e-global-typography-text-font-family ), Sans-serif;font-weight:var( --e-global-typography-text-font-weight );color:var( --e-global-color-text );}.elementor-widget-text-editor.elementor-drop-cap-view-stacked .elementor-drop-cap{background-color:var( --e-global-color-primary );}.elementor-widget-text-editor.elementor-drop-cap-view-framed .elementor-drop-cap, .elementor-widget-text-editor.elementor-drop-cap-view-default .elementor-drop-cap{color:var( --e-global-color-primary );border-color:var( --e-global-color-primary );}.elementor-107 .elementor-element.elementor-element-fe7f0c8{font-family:\"Inter Tight\", Sans-serif;font-size:16px;font-weight:400;color:#FFFFFF;}@media(max-width:767px){.elementor-107 .elementor-element.elementor-element-6dafae9 img{height:250px;}.elementor-107 .elementor-element.elementor-element-8f813ad .elementor-heading-title{font-size:20px;}.elementor-107 .elementor-element.elementor-element-cef4f35 .elementor-icon{font-size:16px;}.elementor-107 .elementor-element.elementor-element-cef4f35 .elementor-icon svg{height:16px;}.elementor-107 .elementor-element.elementor-element-fe7f0c8{font-size:15px;}}<\/style>\t\t<div data-elementor-type=\"loop-item\" data-elementor-id=\"107\" class=\"elementor elementor-107 e-loop-item e-loop-item-38 post-38 page type-page status-publish has-post-thumbnail hentry\" data-elementor-post-type=\"elementor_library\" data-custom-edit-handle=\"1\">\n\t\t\t<a class=\"elementor-element elementor-element-e1cfd3e e-flex e-con-boxed e-con e-parent\" data-id=\"e1cfd3e\" data-element_type=\"container\" href=\"https:\/\/kystarbeid.no\/en\/equipment\/diving-equipment\/\">\n\t\t\t\t\t<div class=\"e-con-inner\">\n\t\t\t\t<div class=\"elementor-element elementor-element-6dafae9 elementor-widget elementor-widget-image\" data-id=\"6dafae9\" data-element_type=\"widget\" data-widget_type=\"image.default\">\n\t\t\t\t<div class=\"elementor-widget-container\">\n\t\t\t\t\t\t\t\t\t\t\t\t\t\t\t<img fetchpriority=\"high\" decoding=\"async\" width=\"1920\" height=\"2560\" src=\"https:\/\/kystarbeid.no\/wp-content\/uploads\/2026\/03\/IMG_9974-scaled.jpeg\" class=\"attachment-full size-full wp-image-1518\" alt=\"\" srcset=\"https:\/\/kystarbeid.no\/wp-content\/uploads\/2026\/03\/IMG_9974-scaled.jpeg 1920w, https:\/\/kystarbeid.no\/wp-content\/uploads\/2026\/03\/IMG_9974-225x300.jpeg 225w, https:\/\/kystarbeid.no\/wp-content\/uploads\/2026\/03\/IMG_9974-768x1024.jpeg 768w, https:\/\/kystarbeid.no\/wp-content\/uploads\/2026\/03\/IMG_9974-1152x1536.jpeg 1152w, https:\/\/kystarbeid.no\/wp-content\/uploads\/2026\/03\/IMG_9974-1536x2048.jpeg 1536w, https:\/\/kystarbeid.no\/wp-content\/uploads\/2026\/03\/IMG_9974-9x12.jpeg 9w\" sizes=\"(max-width: 1920px) 100vw, 1920px\" \/>\t\t\t\t\t\t\t\t\t\t\t\t\t\t\t<\/div>\n\t\t\t\t<\/div>\n\t\t<div class=\"elementor-element elementor-element-4ec3304 e-con-full e-flex e-con e-child\" data-id=\"4ec3304\" data-element_type=\"container\">\n\t\t\t\t<div class=\"elementor-element elementor-element-8f813ad elementor-widget elementor-widget-heading\" data-id=\"8f813ad\" data-element_type=\"widget\" data-widget_type=\"heading.default\">\n\t\t\t\t<div class=\"elementor-widget-container\">\n\t\t\t\t\t<h2 class=\"elementor-heading-title elementor-size-default\">Diving equipment<\/h2>\t\t\t\t<\/div>\n\t\t\t\t<\/div>\n\t\t\t\t<div class=\"elementor-element elementor-element-cef4f35 elementor-view-stacked elementor-shape-rounded elementor-widget elementor-widget-icon\" data-id=\"cef4f35\" data-element_type=\"widget\" data-widget_type=\"icon.default\">\n\t\t\t\t<div class=\"elementor-widget-container\">\n\t\t\t\t\t\t\t<div class=\"elementor-icon-wrapper\">\n\t\t\t<div class=\"elementor-icon\">\n\t\t\t<svg aria-hidden=\"true\" class=\"e-font-icon-svg e-fas-angle-right\" viewbox=\"0 0 256 512\" xmlns=\"http:\/\/www.w3.org\/2000\/svg\"><path d=\"M224.3 273l-136 136c-9.4 9.4-24.6 9.4-33.9 0l-22.6-22.6c-9.4-9.4-9.4-24.6 0-33.9l96.4-96.4-96.4-96.4c-9.4-9.4-9.4-24.6 0-33.9L54.3 103c9.4-9.4 24.6-9.4 33.9 0l136 136c9.5 9.4 9.5 24.6.1 34z\"><\/path><\/svg>\t\t\t<\/div>\n\t\t<\/div>\n\t\t\t\t\t\t<\/div>\n\t\t\t\t<\/div>\n\t\t\t\t<\/div>\n\t\t\t\t<div class=\"elementor-element elementor-element-fe7f0c8 elementor-widget elementor-widget-text-editor\" data-id=\"fe7f0c8\" data-element_type=\"widget\" data-widget_type=\"text-editor.default\">\n\t\t\t\t<div class=\"elementor-widget-container\">\n\t\t\t\t\t\t\t\t\tDiscover our range of subsea vessels, dive containers, decompression chambers, and specialized equipment for safe and efficient commercial diving in Norway.\t\t\t\t\t\t\t\t<\/div>\n\t\t\t\t<\/div>\n\t\t\t\t\t<\/div>\n\t\t\t\t<\/a>\n\t\t\t\t<\/div>\n\t\t\t\t<div data-elementor-type=\"loop-item\" data-elementor-id=\"107\" class=\"elementor elementor-107 e-loop-item e-loop-item-39 post-39 page type-page status-publish has-post-thumbnail hentry\" data-elementor-post-type=\"elementor_library\" data-custom-edit-handle=\"1\">\n\t\t\t<a class=\"elementor-element elementor-element-e1cfd3e e-flex e-con-boxed e-con e-parent\" data-id=\"e1cfd3e\" data-element_type=\"container\" href=\"https:\/\/kystarbeid.no\/en\/equipment\/vessels\/\">\n\t\t\t\t\t<div class=\"e-con-inner\">\n\t\t\t\t<div class=\"elementor-element elementor-element-6dafae9 elementor-widget elementor-widget-image\" data-id=\"6dafae9\" data-element_type=\"widget\" data-widget_type=\"image.default\">\n\t\t\t\t<div class=\"elementor-widget-container\">\n\t\t\t\t\t\t\t\t\t\t\t\t\t\t\t<img decoding=\"async\" width=\"2560\" height=\"1440\" src=\"https:\/\/kystarbeid.no\/wp-content\/uploads\/2026\/03\/DJI_20251023145523_0118_D-scaled.jpg\" class=\"attachment-full size-full wp-image-1517\" alt=\"\" srcset=\"https:\/\/kystarbeid.no\/wp-content\/uploads\/2026\/03\/DJI_20251023145523_0118_D-scaled.jpg 2560w, https:\/\/kystarbeid.no\/wp-content\/uploads\/2026\/03\/DJI_20251023145523_0118_D-300x169.jpg 300w, https:\/\/kystarbeid.no\/wp-content\/uploads\/2026\/03\/DJI_20251023145523_0118_D-1024x576.jpg 1024w, https:\/\/kystarbeid.no\/wp-content\/uploads\/2026\/03\/DJI_20251023145523_0118_D-768x432.jpg 768w, https:\/\/kystarbeid.no\/wp-content\/uploads\/2026\/03\/DJI_20251023145523_0118_D-1536x864.jpg 1536w, https:\/\/kystarbeid.no\/wp-content\/uploads\/2026\/03\/DJI_20251023145523_0118_D-2048x1152.jpg 2048w, https:\/\/kystarbeid.no\/wp-content\/uploads\/2026\/03\/DJI_20251023145523_0118_D-18x10.jpg 18w\" sizes=\"(max-width: 2560px) 100vw, 2560px\" \/>\t\t\t\t\t\t\t\t\t\t\t\t\t\t\t<\/div>\n\t\t\t\t<\/div>\n\t\t<div class=\"elementor-element elementor-element-4ec3304 e-con-full e-flex e-con e-child\" data-id=\"4ec3304\" data-element_type=\"container\">\n\t\t\t\t<div class=\"elementor-element elementor-element-8f813ad elementor-widget elementor-widget-heading\" data-id=\"8f813ad\" data-element_type=\"widget\" data-widget_type=\"heading.default\">\n\t\t\t\t<div class=\"elementor-widget-container\">\n\t\t\t\t\t<h2 class=\"elementor-heading-title elementor-size-default\">Vessels<\/h2>\t\t\t\t<\/div>\n\t\t\t\t<\/div>\n\t\t\t\t<div class=\"elementor-element elementor-element-cef4f35 elementor-view-stacked elementor-shape-rounded elementor-widget elementor-widget-icon\" data-id=\"cef4f35\" data-element_type=\"widget\" data-widget_type=\"icon.default\">\n\t\t\t\t<div class=\"elementor-widget-container\">\n\t\t\t\t\t\t\t<div class=\"elementor-icon-wrapper\">\n\t\t\t<div class=\"elementor-icon\">\n\t\t\t<svg aria-hidden=\"true\" class=\"e-font-icon-svg e-fas-angle-right\" viewbox=\"0 0 256 512\" xmlns=\"http:\/\/www.w3.org\/2000\/svg\"><path d=\"M224.3 273l-136 136c-9.4 9.4-24.6 9.4-33.9 0l-22.6-22.6c-9.4-9.4-9.4-24.6 0-33.9l96.4-96.4-96.4-96.4c-9.4-9.4-9.4-24.6 0-33.9L54.3 103c9.4-9.4 24.6-9.4 33.9 0l136 136c9.5 9.4 9.5 24.6.1 34z\"><\/path><\/svg>\t\t\t<\/div>\n\t\t<\/div>\n\t\t\t\t\t\t<\/div>\n\t\t\t\t<\/div>\n\t\t\t\t<\/div>\n\t\t\t\t<div class=\"elementor-element elementor-element-fe7f0c8 elementor-widget elementor-widget-text-editor\" data-id=\"fe7f0c8\" data-element_type=\"widget\" data-widget_type=\"text-editor.default\">\n\t\t\t\t<div class=\"elementor-widget-container\">\n\t\t\t\t\t\t\t\t\tExplore our vessels MS Nitrox and MS Heliox \u2013 modern solutions for safe and efficient diving and ROV projects with advanced equipment, high safety, and comfortable facilities.\t\t\t\t\t\t\t\t<\/div>\n\t\t\t\t<\/div>\n\t\t\t\t\t<\/div>\n\t\t\t\t<\/a>\n\t\t\t\t<\/div>\n\t\t\t\t<\/div>\n\t\t\n\t\t\t\t\t\t<\/div>\n\t\t\t\t<\/div>\n\t\t\t\t<\/div>\n\t\t\t\t\t<\/div>\n\t\t\t\t<\/div>\n\t\t\t\t<\/div>","protected":false},"excerpt":{"rendered":"<p>V\u00e5rt utstyr Kystarbeid AS tilbyr moderne fart\u00f8y, dykkerstasjoner, trykkammer og spesialisert verkt\u00f8y. V\u00e5rt utstyr sikrer sikre, effektive og fleksible undervannsoperasjoner langs hele kysten. V\u00e5re tjenester Kontakt oss<\/p>","protected":false},"author":1,"featured_media":1386,"parent":0,"menu_order":0,"comment_status":"closed","ping_status":"closed","template":"","meta":{"_acf_changed":false,"footnotes":""},"class_list":["post-21","page","type-page","status-publish","has-post-thumbnail","hentry"],"acf":[],"yoast_head":"<!-- This site is optimized with the Yoast SEO plugin v26.0 - https:\/\/yoast.com\/wordpress\/plugins\/seo\/ -->\n<title>Moderne dykkerutstyr og fart\u00f8y | Kystarbeid AS<\/title>\n<meta name=\"description\" content=\"Kystarbeid AS har moderne fart\u00f8y, trykkammer og dykkerutstyr som sikrer trygge og effektive undervannsoperasjoner langs hele norskekysten.\" \/>\n<meta name=\"robots\" content=\"index, follow, max-snippet:-1, max-image-preview:large, max-video-preview:-1\" \/>\n<link rel=\"canonical\" href=\"https:\/\/kystarbeid.no\/en\/equipment\/\" \/>\n<meta property=\"og:locale\" content=\"en_GB\" \/>\n<meta property=\"og:type\" content=\"article\" \/>\n<meta property=\"og:title\" content=\"Moderne dykkerutstyr og fart\u00f8y | Kystarbeid AS\" \/>\n<meta property=\"og:description\" content=\"Kystarbeid AS har moderne fart\u00f8y, trykkammer og dykkerutstyr som sikrer trygge og effektive undervannsoperasjoner langs hele norskekysten.\" \/>\n<meta property=\"og:url\" content=\"https:\/\/kystarbeid.no\/en\/equipment\/\" \/>\n<meta property=\"og:site_name\" content=\"Kystarbeid AS\" \/>\n<meta property=\"article:modified_time\" content=\"2025-09-26T14:24:30+00:00\" \/>\n<meta property=\"og:image\" content=\"https:\/\/kystarbeid.no\/wp-content\/uploads\/2025\/09\/opengraph-kystarbeid.jpg\" \/>\n\t<meta property=\"og:image:width\" content=\"2048\" \/>\n\t<meta property=\"og:image:height\" content=\"1363\" \/>\n\t<meta property=\"og:image:type\" content=\"image\/jpeg\" \/>\n<meta name=\"twitter:card\" content=\"summary_large_image\" \/>\n<meta name=\"twitter:label1\" content=\"Estimated reading time\" \/>\n\t<meta name=\"twitter:data1\" content=\"1 minute\" \/>\n<script type=\"application\/ld+json\" class=\"yoast-schema-graph\">{\"@context\":\"https:\/\/schema.org\",\"@graph\":[{\"@type\":\"WebPage\",\"@id\":\"https:\/\/kystarbeid.no\/utstyr\/\",\"url\":\"https:\/\/kystarbeid.no\/utstyr\/\",\"name\":\"Moderne dykkerutstyr og fart\u00f8y | Kystarbeid AS\",\"isPartOf\":{\"@id\":\"https:\/\/kystarbeid.no\/#website\"},\"primaryImageOfPage\":{\"@id\":\"https:\/\/kystarbeid.no\/utstyr\/#primaryimage\"},\"image\":{\"@id\":\"https:\/\/kystarbeid.no\/utstyr\/#primaryimage\"},\"thumbnailUrl\":\"https:\/\/kystarbeid.no\/wp-content\/uploads\/2025\/09\/opengraph-kystarbeid.jpg\",\"datePublished\":\"2025-06-16T13:52:09+00:00\",\"dateModified\":\"2025-09-26T14:24:30+00:00\",\"description\":\"Kystarbeid AS har moderne fart\u00f8y, trykkammer og dykkerutstyr som sikrer trygge og effektive undervannsoperasjoner langs hele norskekysten.\",\"breadcrumb\":{\"@id\":\"https:\/\/kystarbeid.no\/utstyr\/#breadcrumb\"},\"inLanguage\":\"en-GB\",\"potentialAction\":[{\"@type\":\"ReadAction\",\"target\":[\"https:\/\/kystarbeid.no\/utstyr\/\"]}]},{\"@type\":\"ImageObject\",\"inLanguage\":\"en-GB\",\"@id\":\"https:\/\/kystarbeid.no\/utstyr\/#primaryimage\",\"url\":\"https:\/\/kystarbeid.no\/wp-content\/uploads\/2025\/09\/opengraph-kystarbeid.jpg\",\"contentUrl\":\"https:\/\/kystarbeid.no\/wp-content\/uploads\/2025\/09\/opengraph-kystarbeid.jpg\",\"width\":2048,\"height\":1363},{\"@type\":\"BreadcrumbList\",\"@id\":\"https:\/\/kystarbeid.no\/utstyr\/#breadcrumb\",\"itemListElement\":[{\"@type\":\"ListItem\",\"position\":1,\"name\":\"Hjem\",\"item\":\"https:\/\/kystarbeid.no\/\"},{\"@type\":\"ListItem\",\"position\":2,\"name\":\"Utstyr\"}]},{\"@type\":\"WebSite\",\"@id\":\"https:\/\/kystarbeid.no\/#website\",\"url\":\"https:\/\/kystarbeid.no\/\",\"name\":\"Kystarbeid AS\",\"description\":\"Dykkerfirma for krevende oppdrag\",\"potentialAction\":[{\"@type\":\"SearchAction\",\"target\":{\"@type\":\"EntryPoint\",\"urlTemplate\":\"https:\/\/kystarbeid.no\/?s={search_term_string}\"},\"query-input\":{\"@type\":\"PropertyValueSpecification\",\"valueRequired\":true,\"valueName\":\"search_term_string\"}}],\"inLanguage\":\"en-GB\"}]}<\/script>\n<!-- \/ Yoast SEO plugin. -->","yoast_head_json":{"title":"Modern diving equipment and vessels | Kystarbeid AS","description":"Kystarbeid AS has modern vessels, decompression chambers, and diving equipment that ensure safe and efficient underwater operations along the entire Norwegian coast.","robots":{"index":"index","follow":"follow","max-snippet":"max-snippet:-1","max-image-preview":"max-image-preview:large","max-video-preview":"max-video-preview:-1"},"canonical":"https:\/\/kystarbeid.no\/en\/equipment\/","og_locale":"en_GB","og_type":"article","og_title":"Moderne dykkerutstyr og fart\u00f8y | Kystarbeid AS","og_description":"Kystarbeid AS har moderne fart\u00f8y, trykkammer og dykkerutstyr som sikrer trygge og effektive undervannsoperasjoner langs hele norskekysten.","og_url":"https:\/\/kystarbeid.no\/en\/equipment\/","og_site_name":"Kystarbeid AS","article_modified_time":"2025-09-26T14:24:30+00:00","og_image":[{"width":2048,"height":1363,"url":"https:\/\/kystarbeid.no\/wp-content\/uploads\/2025\/09\/opengraph-kystarbeid.jpg","type":"image\/jpeg"}],"twitter_card":"summary_large_image","twitter_misc":{"Estimated reading time":"1 minute"},"schema":{"@context":"https:\/\/schema.org","@graph":[{"@type":"WebPage","@id":"https:\/\/kystarbeid.no\/utstyr\/","url":"https:\/\/kystarbeid.no\/utstyr\/","name":"Modern diving equipment and vessels | Kystarbeid AS","isPartOf":{"@id":"https:\/\/kystarbeid.no\/#website"},"primaryImageOfPage":{"@id":"https:\/\/kystarbeid.no\/utstyr\/#primaryimage"},"image":{"@id":"https:\/\/kystarbeid.no\/utstyr\/#primaryimage"},"thumbnailUrl":"https:\/\/kystarbeid.no\/wp-content\/uploads\/2025\/09\/opengraph-kystarbeid.jpg","datePublished":"2025-06-16T13:52:09+00:00","dateModified":"2025-09-26T14:24:30+00:00","description":"Kystarbeid AS has modern vessels, decompression chambers, and diving equipment that ensure safe and efficient underwater operations along the entire Norwegian coast.","breadcrumb":{"@id":"https:\/\/kystarbeid.no\/utstyr\/#breadcrumb"},"inLanguage":"en-GB","potentialAction":[{"@type":"ReadAction","target":["https:\/\/kystarbeid.no\/utstyr\/"]}]},{"@type":"ImageObject","inLanguage":"en-GB","@id":"https:\/\/kystarbeid.no\/utstyr\/#primaryimage","url":"https:\/\/kystarbeid.no\/wp-content\/uploads\/2025\/09\/opengraph-kystarbeid.jpg","contentUrl":"https:\/\/kystarbeid.no\/wp-content\/uploads\/2025\/09\/opengraph-kystarbeid.jpg","width":2048,"height":1363},{"@type":"BreadcrumbList","@id":"https:\/\/kystarbeid.no\/utstyr\/#breadcrumb","itemListElement":[{"@type":"ListItem","position":1,"name":"Hjem","item":"https:\/\/kystarbeid.no\/"},{"@type":"ListItem","position":2,"name":"Utstyr"}]},{"@type":"WebSite","@id":"https:\/\/kystarbeid.no\/#website","url":"https:\/\/kystarbeid.no\/","name":"Kystarbeid AS","description":"Dykkerfirma for krevende oppdrag","potentialAction":[{"@type":"SearchAction","target":{"@type":"EntryPoint","urlTemplate":"https:\/\/kystarbeid.no\/?s={search_term_string}"},"query-input":{"@type":"PropertyValueSpecification","valueRequired":true,"valueName":"search_term_string"}}],"inLanguage":"en-GB"}]}},"_links":{"self":[{"href":"https:\/\/kystarbeid.no\/en\/wp-json\/wp\/v2\/pages\/21","targetHints":{"allow":["GET"]}}],"collection":[{"href":"https:\/\/kystarbeid.no\/en\/wp-json\/wp\/v2\/pages"}],"about":[{"href":"https:\/\/kystarbeid.no\/en\/wp-json\/wp\/v2\/types\/page"}],"author":[{"embeddable":true,"href":"https:\/\/kystarbeid.no\/en\/wp-json\/wp\/v2\/users\/1"}],"replies":[{"embeddable":true,"href":"https:\/\/kystarbeid.no\/en\/wp-json\/wp\/v2\/comments?post=21"}],"version-history":[{"count":5,"href":"https:\/\/kystarbeid.no\/en\/wp-json\/wp\/v2\/pages\/21\/revisions"}],"predecessor-version":[{"id":1272,"href":"https:\/\/kystarbeid.no\/en\/wp-json\/wp\/v2\/pages\/21\/revisions\/1272"}],"wp:featuredmedia":[{"embeddable":true,"href":"https:\/\/kystarbeid.no\/en\/wp-json\/wp\/v2\/media\/1386"}],"wp:attachment":[{"href":"https:\/\/kystarbeid.no\/en\/wp-json\/wp\/v2\/media?parent=21"}],"curies":[{"name":"wp","href":"https:\/\/api.w.org\/{rel}","templated":true}]}}