{"id":218,"date":"2025-06-20T12:58:21","date_gmt":"2025-06-20T10:58:21","guid":{"rendered":"https:\/\/kystarbeid.hornstaging.no\/?page_id=218"},"modified":"2025-09-25T10:52:46","modified_gmt":"2025-09-25T08:52:46","slug":"environmental-policy","status":"publish","type":"page","link":"https:\/\/kystarbeid.no\/en\/hseq\/environmental-policy\/","title":{"rendered":"Environmental policy"},"content":{"rendered":"<div data-elementor-type=\"wp-page\" data-elementor-id=\"218\" class=\"elementor elementor-218\" data-elementor-post-type=\"page\">\n\t\t\t\t<div class=\"elementor-element elementor-element-a93e892 e-flex e-con-boxed e-con e-parent\" data-id=\"a93e892\" data-element_type=\"container\" data-settings=\"{&quot;background_background&quot;:&quot;classic&quot;}\">\n\t\t\t\t\t<div class=\"e-con-inner\">\n\t\t<div class=\"elementor-element elementor-element-1e5d0f4 e-con-full e-flex e-con e-child\" data-id=\"1e5d0f4\" data-element_type=\"container\">\n\t\t\t\t<div class=\"elementor-element elementor-element-bc058e1 elementor-widget elementor-widget-heading\" data-id=\"bc058e1\" data-element_type=\"widget\" data-widget_type=\"heading.default\">\n\t\t\t\t<div class=\"elementor-widget-container\">\n\t\t\t\t\t<h1 class=\"elementor-heading-title elementor-size-default\">Environmental policy<\/h1>\t\t\t\t<\/div>\n\t\t\t\t<\/div>\n\t\t\t\t<div class=\"elementor-element elementor-element-7c65f7b elementor-widget elementor-widget-text-editor\" data-id=\"7c65f7b\" data-element_type=\"widget\" data-widget_type=\"text-editor.default\">\n\t\t\t\t<div class=\"elementor-widget-container\">\n\t\t\t\t\t\t\t\t\tKystarbeid AS takes responsibility for the environment through sustainable measures, ISO 14001 standards, and continuous improvement to reduce impact.\t\t\t\t\t\t\t\t<\/div>\n\t\t\t\t<\/div>\n\t\t<div class=\"elementor-element elementor-element-db33b23 e-con-full e-flex e-con e-child\" data-id=\"db33b23\" data-element_type=\"container\">\n\t\t\t\t<div class=\"elementor-element elementor-element-408a69c elementor-mobile-align-justify elementor-widget elementor-widget-button\" data-id=\"408a69c\" data-element_type=\"widget\" data-widget_type=\"button.default\">\n\t\t\t\t<div class=\"elementor-widget-container\">\n\t\t\t\t\t\t\t\t\t<div class=\"elementor-button-wrapper\">\n\t\t\t\t\t<a class=\"elementor-button elementor-button-link elementor-size-sm\" href=\"\/en\/services\/\">\n\t\t\t\t\t\t<span class=\"elementor-button-content-wrapper\">\n\t\t\t\t\t\t\t\t\t<span class=\"elementor-button-text\">Our services<\/span>\n\t\t\t\t\t<\/span>\n\t\t\t\t\t<\/a>\n\t\t\t\t<\/div>\n\t\t\t\t\t\t\t\t<\/div>\n\t\t\t\t<\/div>\n\t\t\t\t<div class=\"elementor-element elementor-element-96af021 elementor-mobile-align-justify elementor-widget elementor-widget-button\" data-id=\"96af021\" data-element_type=\"widget\" data-widget_type=\"button.default\">\n\t\t\t\t<div class=\"elementor-widget-container\">\n\t\t\t\t\t\t\t\t\t<div class=\"elementor-button-wrapper\">\n\t\t\t\t\t<a class=\"elementor-button elementor-button-link elementor-size-sm\" href=\"\/en\/contact\/\">\n\t\t\t\t\t\t<span class=\"elementor-button-content-wrapper\">\n\t\t\t\t\t\t\t\t\t<span class=\"elementor-button-text\">Contact us<\/span>\n\t\t\t\t\t<\/span>\n\t\t\t\t\t<\/a>\n\t\t\t\t<\/div>\n\t\t\t\t\t\t\t\t<\/div>\n\t\t\t\t<\/div>\n\t\t\t\t<\/div>\n\t\t\t\t<\/div>\n\t\t\t\t\t<\/div>\n\t\t\t\t<\/div>\n\t\t<div class=\"elementor-element elementor-element-0dde229 e-flex e-con-boxed e-con e-parent\" data-id=\"0dde229\" data-element_type=\"container\" data-settings=\"{&quot;background_background&quot;:&quot;classic&quot;}\">\n\t\t\t\t\t<div class=\"e-con-inner\">\n\t\t\t\t<div class=\"elementor-element elementor-element-67e649a elementor-widget elementor-widget-text-editor\" data-id=\"67e649a\" data-element_type=\"widget\" data-widget_type=\"text-editor.default\">\n\t\t\t\t<div class=\"elementor-widget-container\">\n\t\t\t\t\t\t\t\t\t<h2 data-start=\"295\" data-end=\"317\">Our Environmental Policy<\/h2><p data-start=\"319\" data-end=\"633\">Kystarbeid AS recognizes our responsibility to reduce the environmental impact of our operations. We actively work towards more sustainable practices in accordance with ISO 14001, applicable laws, and customer requirements. Our environmental efforts are an integral part of the company and are reflected in the planning, operation, and development of our services.<\/p><p data-start=\"635\" data-end=\"901\">We have a long-term goal of continuous improvement and contributing to more sustainable development in the industry. Through clear objectives, systematic measures, and employee engagement, we aim to be a driving force for environmentally friendly solutions in the marine contracting sector.<\/p><h3 data-start=\"903\" data-end=\"939\">Our Environmental Commitments<\/h3><ul data-start=\"940\" data-end=\"1313\"><li data-start=\"940\" data-end=\"1001\"><p data-start=\"942\" data-end=\"1001\">Reduce emissions and resource use through targeted measures<\/p><\/li><li data-start=\"1002\" data-end=\"1087\"><p data-start=\"1004\" data-end=\"1087\">Choose environmentally friendly alternatives when purchasing raw materials, chemicals, and products<\/p><\/li><li data-start=\"1088\" data-end=\"1157\"><p data-start=\"1090\" data-end=\"1157\">Reduce waste through source separation and better resource utilization<\/p><\/li><li data-start=\"1158\" data-end=\"1228\"><p data-start=\"1160\" data-end=\"1228\">Engage employees through information and training in environmental efforts<\/p><\/li><li data-start=\"1229\" data-end=\"1313\"><p data-start=\"1231\" data-end=\"1313\">Continuously improve our procedures to support sustainable development in the industry<\/p><\/li><\/ul>\t\t\t\t\t\t\t\t<\/div>\n\t\t\t\t<\/div>\n\t\t\t\t\t<\/div>\n\t\t\t\t<\/div>\n\t\t<div class=\"elementor-element elementor-element-8e7ded1 e-con-full e-flex e-con e-parent\" data-id=\"8e7ded1\" data-element_type=\"container\">\n\t\t\t\t<div class=\"elementor-element elementor-element-d76b5b2 elementor-widget elementor-widget-shortcode\" data-id=\"d76b5b2\" data-element_type=\"widget\" data-widget_type=\"shortcode.default\">\n\t\t\t\t<div class=\"elementor-widget-container\">\n\t\t\t\t\t\t\t<div class=\"elementor-shortcode\">\t\t<div data-elementor-type=\"section\" data-elementor-id=\"930\" class=\"elementor elementor-930\" data-elementor-post-type=\"elementor_library\">\n\t\t\t<div class=\"elementor-element elementor-element-1876e3c e-flex e-con-boxed e-con e-parent\" data-id=\"1876e3c\" data-element_type=\"container\" data-settings=\"{&quot;background_background&quot;:&quot;classic&quot;}\">\n\t\t\t\t\t<div class=\"e-con-inner\">\n\t\t<div class=\"elementor-element elementor-element-416e974 e-con-full e-flex e-con e-child\" data-id=\"416e974\" data-element_type=\"container\">\n\t\t\t\t<div class=\"elementor-element elementor-element-31d7b8d elementor-widget elementor-widget-heading\" data-id=\"31d7b8d\" data-element_type=\"widget\" data-widget_type=\"heading.default\">\n\t\t\t\t<div class=\"elementor-widget-container\">\n\t\t\t\t\t<h2 class=\"elementor-heading-title elementor-size-default\">Do you need a contractor for underwater work?<\/h2>\t\t\t\t<\/div>\n\t\t\t\t<\/div>\n\t\t\t\t<div class=\"elementor-element elementor-element-cf940f7 elementor-widget elementor-widget-text-editor\" data-id=\"cf940f7\" data-element_type=\"widget\" data-widget_type=\"text-editor.default\">\n\t\t\t\t<div class=\"elementor-widget-container\">\n\t\t\t\t\t\t\t\t\t<p data-start=\"183\" data-end=\"503\">We have divers with long experience and state-of-the-art equipment to help you solve challenges below the surface. We are a diving company with extensive resources available and can assist you with most tasks. On our 32-meter-long workboat, we have a workshop, accommodation, large deck space, and cranes. This equips us to take on almost any assignment without having to wait for assistance.<\/p>\t\t\t\t\t\t\t\t<\/div>\n\t\t\t\t<\/div>\n\t\t\t\t<div class=\"elementor-element elementor-element-d3201e5 elementor-align-left elementor-mobile-align-justify elementor-widget elementor-widget-button\" data-id=\"d3201e5\" data-element_type=\"widget\" data-widget_type=\"button.default\">\n\t\t\t\t<div class=\"elementor-widget-container\">\n\t\t\t\t\t\t\t\t\t<div class=\"elementor-button-wrapper\">\n\t\t\t\t\t<a class=\"elementor-button elementor-button-link elementor-size-sm\" href=\"\/en\/request\/\">\n\t\t\t\t\t\t<span class=\"elementor-button-content-wrapper\">\n\t\t\t\t\t\t\t\t\t<span class=\"elementor-button-text\">Send a request<\/span>\n\t\t\t\t\t<\/span>\n\t\t\t\t\t<\/a>\n\t\t\t\t<\/div>\n\t\t\t\t\t\t\t\t<\/div>\n\t\t\t\t<\/div>\n\t\t\t\t<\/div>\n\t\t\t\t\t<\/div>\n\t\t\t\t<\/div>\n\t\t\t\t<\/div>\n\t\t<\/div>\n\t\t\t\t\t\t<\/div>\n\t\t\t\t<\/div>\n\t\t\t\t<\/div>\n\t\t\t\t<\/div>","protected":false},"excerpt":{"rendered":"<p>Kystarbeid AS takes responsibility for the environment through sustainable measures, ISO 14001 standards, and continuous improvement to reduce impact.<\/p>","protected":false},"author":1,"featured_media":953,"parent":211,"menu_order":0,"comment_status":"closed","ping_status":"closed","template":"","meta":{"_acf_changed":false,"footnotes":""},"class_list":["post-218","page","type-page","status-publish","has-post-thumbnail","hentry"],"acf":[],"yoast_head":"<!-- This site is optimized with the Yoast SEO plugin v26.0 - https:\/\/yoast.com\/wordpress\/plugins\/seo\/ -->\n<title>Milj\u00f8politikk \u2013 ISO 14001 og b\u00e6rekraft | Kystarbeid AS<\/title>\n<meta name=\"description\" content=\"Kystarbeid AS f\u00f8lger ISO 14001 og jobber aktivt for \u00e5 redusere milj\u00f8p\u00e5virkning gjennom b\u00e6rekraftige tiltak og kontinuerlig forbedring.\" \/>\n<meta name=\"robots\" content=\"index, follow, max-snippet:-1, max-image-preview:large, max-video-preview:-1\" \/>\n<link rel=\"canonical\" href=\"https:\/\/kystarbeid.no\/en\/hseq\/environmental-policy\/\" \/>\n<meta property=\"og:locale\" content=\"en_GB\" \/>\n<meta property=\"og:type\" content=\"article\" \/>\n<meta property=\"og:title\" content=\"Milj\u00f8politikk \u2013 ISO 14001 og b\u00e6rekraft | Kystarbeid AS\" \/>\n<meta property=\"og:description\" content=\"Kystarbeid AS f\u00f8lger ISO 14001 og jobber aktivt for \u00e5 redusere milj\u00f8p\u00e5virkning gjennom b\u00e6rekraftige tiltak og kontinuerlig forbedring.\" \/>\n<meta property=\"og:url\" content=\"https:\/\/kystarbeid.no\/en\/hseq\/environmental-policy\/\" \/>\n<meta property=\"og:site_name\" content=\"Kystarbeid AS\" \/>\n<meta property=\"article:modified_time\" content=\"2025-09-25T08:52:46+00:00\" \/>\n<meta property=\"og:image\" content=\"https:\/\/kystarbeid.no\/wp-content\/uploads\/2025\/09\/23-DSC01796-scaled-1.jpg\" \/>\n\t<meta property=\"og:image:width\" content=\"2048\" \/>\n\t<meta property=\"og:image:height\" content=\"1365\" \/>\n\t<meta property=\"og:image:type\" content=\"image\/jpeg\" \/>\n<meta name=\"twitter:card\" content=\"summary_large_image\" \/>\n<meta name=\"twitter:label1\" content=\"Estimated reading time\" \/>\n\t<meta name=\"twitter:data1\" content=\"1 minute\" \/>\n<script type=\"application\/ld+json\" class=\"yoast-schema-graph\">{\"@context\":\"https:\/\/schema.org\",\"@graph\":[{\"@type\":\"WebPage\",\"@id\":\"https:\/\/kystarbeid.no\/khms\/miljopolitikk\/\",\"url\":\"https:\/\/kystarbeid.no\/khms\/miljopolitikk\/\",\"name\":\"Milj\u00f8politikk \u2013 ISO 14001 og b\u00e6rekraft | Kystarbeid AS\",\"isPartOf\":{\"@id\":\"https:\/\/kystarbeid.no\/#website\"},\"primaryImageOfPage\":{\"@id\":\"https:\/\/kystarbeid.no\/khms\/miljopolitikk\/#primaryimage\"},\"image\":{\"@id\":\"https:\/\/kystarbeid.no\/khms\/miljopolitikk\/#primaryimage\"},\"thumbnailUrl\":\"https:\/\/kystarbeid.no\/wp-content\/uploads\/2025\/09\/23-DSC01796-scaled-1.jpg\",\"datePublished\":\"2025-06-20T10:58:21+00:00\",\"dateModified\":\"2025-09-25T08:52:46+00:00\",\"description\":\"Kystarbeid AS f\u00f8lger ISO 14001 og jobber aktivt for \u00e5 redusere milj\u00f8p\u00e5virkning gjennom b\u00e6rekraftige tiltak og kontinuerlig forbedring.\",\"breadcrumb\":{\"@id\":\"https:\/\/kystarbeid.no\/khms\/miljopolitikk\/#breadcrumb\"},\"inLanguage\":\"en-GB\",\"potentialAction\":[{\"@type\":\"ReadAction\",\"target\":[\"https:\/\/kystarbeid.no\/khms\/miljopolitikk\/\"]}]},{\"@type\":\"ImageObject\",\"inLanguage\":\"en-GB\",\"@id\":\"https:\/\/kystarbeid.no\/khms\/miljopolitikk\/#primaryimage\",\"url\":\"https:\/\/kystarbeid.no\/wp-content\/uploads\/2025\/09\/23-DSC01796-scaled-1.jpg\",\"contentUrl\":\"https:\/\/kystarbeid.no\/wp-content\/uploads\/2025\/09\/23-DSC01796-scaled-1.jpg\",\"width\":2048,\"height\":1365},{\"@type\":\"BreadcrumbList\",\"@id\":\"https:\/\/kystarbeid.no\/khms\/miljopolitikk\/#breadcrumb\",\"itemListElement\":[{\"@type\":\"ListItem\",\"position\":1,\"name\":\"Hjem\",\"item\":\"https:\/\/kystarbeid.no\/\"},{\"@type\":\"ListItem\",\"position\":2,\"name\":\"KHMS\",\"item\":\"https:\/\/kystarbeid.no\/khms\/\"},{\"@type\":\"ListItem\",\"position\":3,\"name\":\"Milj\u00f8politikk\"}]},{\"@type\":\"WebSite\",\"@id\":\"https:\/\/kystarbeid.no\/#website\",\"url\":\"https:\/\/kystarbeid.no\/\",\"name\":\"Kystarbeid AS\",\"description\":\"Dykkerfirma for krevende oppdrag\",\"potentialAction\":[{\"@type\":\"SearchAction\",\"target\":{\"@type\":\"EntryPoint\",\"urlTemplate\":\"https:\/\/kystarbeid.no\/?s={search_term_string}\"},\"query-input\":{\"@type\":\"PropertyValueSpecification\",\"valueRequired\":true,\"valueName\":\"search_term_string\"}}],\"inLanguage\":\"en-GB\"}]}<\/script>\n<!-- \/ Yoast SEO plugin. -->","yoast_head_json":{"title":"Environmental Policy \u2013 ISO 14001 and sustainability | Kystarbeid AS","description":"Kystarbeid AS follows ISO 14001 and actively works to reduce environmental impact through sustainable measures and continuous improvement.","robots":{"index":"index","follow":"follow","max-snippet":"max-snippet:-1","max-image-preview":"max-image-preview:large","max-video-preview":"max-video-preview:-1"},"canonical":"https:\/\/kystarbeid.no\/en\/hseq\/environmental-policy\/","og_locale":"en_GB","og_type":"article","og_title":"Milj\u00f8politikk \u2013 ISO 14001 og b\u00e6rekraft | Kystarbeid AS","og_description":"Kystarbeid AS f\u00f8lger ISO 14001 og jobber aktivt for \u00e5 redusere milj\u00f8p\u00e5virkning gjennom b\u00e6rekraftige tiltak og kontinuerlig forbedring.","og_url":"https:\/\/kystarbeid.no\/en\/hseq\/environmental-policy\/","og_site_name":"Kystarbeid AS","article_modified_time":"2025-09-25T08:52:46+00:00","og_image":[{"width":2048,"height":1365,"url":"https:\/\/kystarbeid.no\/wp-content\/uploads\/2025\/09\/23-DSC01796-scaled-1.jpg","type":"image\/jpeg"}],"twitter_card":"summary_large_image","twitter_misc":{"Estimated reading time":"1 minute"},"schema":{"@context":"https:\/\/schema.org","@graph":[{"@type":"WebPage","@id":"https:\/\/kystarbeid.no\/khms\/miljopolitikk\/","url":"https:\/\/kystarbeid.no\/khms\/miljopolitikk\/","name":"Environmental Policy \u2013 ISO 14001 and sustainability | Kystarbeid AS","isPartOf":{"@id":"https:\/\/kystarbeid.no\/#website"},"primaryImageOfPage":{"@id":"https:\/\/kystarbeid.no\/khms\/miljopolitikk\/#primaryimage"},"image":{"@id":"https:\/\/kystarbeid.no\/khms\/miljopolitikk\/#primaryimage"},"thumbnailUrl":"https:\/\/kystarbeid.no\/wp-content\/uploads\/2025\/09\/23-DSC01796-scaled-1.jpg","datePublished":"2025-06-20T10:58:21+00:00","dateModified":"2025-09-25T08:52:46+00:00","description":"Kystarbeid AS follows ISO 14001 and actively works to reduce environmental impact through sustainable measures and continuous improvement.","breadcrumb":{"@id":"https:\/\/kystarbeid.no\/khms\/miljopolitikk\/#breadcrumb"},"inLanguage":"en-GB","potentialAction":[{"@type":"ReadAction","target":["https:\/\/kystarbeid.no\/khms\/miljopolitikk\/"]}]},{"@type":"ImageObject","inLanguage":"en-GB","@id":"https:\/\/kystarbeid.no\/khms\/miljopolitikk\/#primaryimage","url":"https:\/\/kystarbeid.no\/wp-content\/uploads\/2025\/09\/23-DSC01796-scaled-1.jpg","contentUrl":"https:\/\/kystarbeid.no\/wp-content\/uploads\/2025\/09\/23-DSC01796-scaled-1.jpg","width":2048,"height":1365},{"@type":"BreadcrumbList","@id":"https:\/\/kystarbeid.no\/khms\/miljopolitikk\/#breadcrumb","itemListElement":[{"@type":"ListItem","position":1,"name":"Hjem","item":"https:\/\/kystarbeid.no\/"},{"@type":"ListItem","position":2,"name":"KHMS","item":"https:\/\/kystarbeid.no\/khms\/"},{"@type":"ListItem","position":3,"name":"Milj\u00f8politikk"}]},{"@type":"WebSite","@id":"https:\/\/kystarbeid.no\/#website","url":"https:\/\/kystarbeid.no\/","name":"Kystarbeid AS","description":"Dykkerfirma for krevende oppdrag","potentialAction":[{"@type":"SearchAction","target":{"@type":"EntryPoint","urlTemplate":"https:\/\/kystarbeid.no\/?s={search_term_string}"},"query-input":{"@type":"PropertyValueSpecification","valueRequired":true,"valueName":"search_term_string"}}],"inLanguage":"en-GB"}]}},"_links":{"self":[{"href":"https:\/\/kystarbeid.no\/en\/wp-json\/wp\/v2\/pages\/218","targetHints":{"allow":["GET"]}}],"collection":[{"href":"https:\/\/kystarbeid.no\/en\/wp-json\/wp\/v2\/pages"}],"about":[{"href":"https:\/\/kystarbeid.no\/en\/wp-json\/wp\/v2\/types\/page"}],"author":[{"embeddable":true,"href":"https:\/\/kystarbeid.no\/en\/wp-json\/wp\/v2\/users\/1"}],"replies":[{"embeddable":true,"href":"https:\/\/kystarbeid.no\/en\/wp-json\/wp\/v2\/comments?post=218"}],"version-history":[{"count":5,"href":"https:\/\/kystarbeid.no\/en\/wp-json\/wp\/v2\/pages\/218\/revisions"}],"predecessor-version":[{"id":1233,"href":"https:\/\/kystarbeid.no\/en\/wp-json\/wp\/v2\/pages\/218\/revisions\/1233"}],"up":[{"embeddable":true,"href":"https:\/\/kystarbeid.no\/en\/wp-json\/wp\/v2\/pages\/211"}],"wp:featuredmedia":[{"embeddable":true,"href":"https:\/\/kystarbeid.no\/en\/wp-json\/wp\/v2\/media\/953"}],"wp:attachment":[{"href":"https:\/\/kystarbeid.no\/en\/wp-json\/wp\/v2\/media?parent=218"}],"curies":[{"name":"wp","href":"https:\/\/api.w.org\/{rel}","templated":true}]}}