{"id":22,"date":"2025-06-16T15:52:15","date_gmt":"2025-06-16T13:52:15","guid":{"rendered":"https:\/\/kystarbeid.hornstaging.no\/?page_id=22"},"modified":"2025-09-26T16:22:30","modified_gmt":"2025-09-26T14:22:30","slug":"references","status":"publish","type":"page","link":"https:\/\/kystarbeid.no\/en\/references\/","title":{"rendered":"References"},"content":{"rendered":"<div data-elementor-type=\"wp-page\" data-elementor-id=\"22\" class=\"elementor elementor-22\" data-elementor-post-type=\"page\">\n\t\t\t\t<div class=\"elementor-element elementor-element-7cc4308 e-flex e-con-boxed e-con e-parent\" data-id=\"7cc4308\" data-element_type=\"container\" data-settings=\"{&quot;background_background&quot;:&quot;classic&quot;}\">\n\t\t\t\t\t<div class=\"e-con-inner\">\n\t\t<div class=\"elementor-element elementor-element-5eb0bd7 e-con-full e-flex e-con e-child\" data-id=\"5eb0bd7\" data-element_type=\"container\">\n\t\t\t\t<div class=\"elementor-element elementor-element-b40e152 elementor-widget elementor-widget-heading\" data-id=\"b40e152\" data-element_type=\"widget\" data-widget_type=\"heading.default\">\n\t\t\t\t<div class=\"elementor-widget-container\">\n\t\t\t\t\t<h1 class=\"elementor-heading-title elementor-size-default\">Our references<\/h1>\t\t\t\t<\/div>\n\t\t\t\t<\/div>\n\t\t\t\t<div class=\"elementor-element elementor-element-77fe333 elementor-widget elementor-widget-text-editor\" data-id=\"77fe333\" data-element_type=\"widget\" data-widget_type=\"text-editor.default\">\n\t\t\t\t<div class=\"elementor-widget-container\">\n\t\t\t\t\t\t\t\t\t<p>Kystarbeid AS has solid references from assignments within diving, quay work, ROV, and hull cleaning. Our customers\u2019 experiences demonstrate quality, safety, and reliable delivery.<\/p>\t\t\t\t\t\t\t\t<\/div>\n\t\t\t\t<\/div>\n\t\t<div class=\"elementor-element elementor-element-8be6da9 e-con-full e-flex e-con e-child\" data-id=\"8be6da9\" data-element_type=\"container\">\n\t\t\t\t<div class=\"elementor-element elementor-element-aa611ea elementor-mobile-align-justify elementor-widget elementor-widget-button\" data-id=\"aa611ea\" data-element_type=\"widget\" data-widget_type=\"button.default\">\n\t\t\t\t<div class=\"elementor-widget-container\">\n\t\t\t\t\t\t\t\t\t<div class=\"elementor-button-wrapper\">\n\t\t\t\t\t<a class=\"elementor-button elementor-button-link elementor-size-sm\" href=\"\/en\/services\/\">\n\t\t\t\t\t\t<span class=\"elementor-button-content-wrapper\">\n\t\t\t\t\t\t\t\t\t<span class=\"elementor-button-text\">Our services<\/span>\n\t\t\t\t\t<\/span>\n\t\t\t\t\t<\/a>\n\t\t\t\t<\/div>\n\t\t\t\t\t\t\t\t<\/div>\n\t\t\t\t<\/div>\n\t\t\t\t<div class=\"elementor-element elementor-element-31aa562 elementor-mobile-align-justify elementor-widget elementor-widget-button\" data-id=\"31aa562\" data-element_type=\"widget\" data-widget_type=\"button.default\">\n\t\t\t\t<div class=\"elementor-widget-container\">\n\t\t\t\t\t\t\t\t\t<div class=\"elementor-button-wrapper\">\n\t\t\t\t\t<a class=\"elementor-button elementor-button-link elementor-size-sm\" href=\"\/en\/contact\/\">\n\t\t\t\t\t\t<span class=\"elementor-button-content-wrapper\">\n\t\t\t\t\t\t\t\t\t<span class=\"elementor-button-text\">Contact us<\/span>\n\t\t\t\t\t<\/span>\n\t\t\t\t\t<\/a>\n\t\t\t\t<\/div>\n\t\t\t\t\t\t\t\t<\/div>\n\t\t\t\t<\/div>\n\t\t\t\t<\/div>\n\t\t\t\t<\/div>\n\t\t\t\t\t<\/div>\n\t\t\t\t<\/div>\n\t\t<div class=\"elementor-element elementor-element-320f7e1 e-flex e-con-boxed e-con e-parent\" data-id=\"320f7e1\" data-element_type=\"container\" data-settings=\"{&quot;background_background&quot;:&quot;classic&quot;}\">\n\t\t\t\t\t<div class=\"e-con-inner\">\n\t\t<div class=\"elementor-element elementor-element-240d523 e-con-full e-flex e-con e-child\" data-id=\"240d523\" data-element_type=\"container\">\n\t\t\t\t<div class=\"elementor-element elementor-element-2a75007 elementor-grid-2 elementor-grid-tablet-1 elementor-grid-mobile-1 elementor-widget elementor-widget-loop-grid\" data-id=\"2a75007\" data-element_type=\"widget\" data-settings=\"{&quot;template_id&quot;:&quot;107&quot;,&quot;columns&quot;:2,&quot;columns_tablet&quot;:1,&quot;_skin&quot;:&quot;post&quot;,&quot;columns_mobile&quot;:&quot;1&quot;,&quot;edit_handle_selector&quot;:&quot;[data-elementor-type=\\&quot;loop-item\\&quot;]&quot;,&quot;row_gap&quot;:{&quot;unit&quot;:&quot;px&quot;,&quot;size&quot;:&quot;&quot;,&quot;sizes&quot;:[]},&quot;row_gap_tablet&quot;:{&quot;unit&quot;:&quot;px&quot;,&quot;size&quot;:&quot;&quot;,&quot;sizes&quot;:[]},&quot;row_gap_mobile&quot;:{&quot;unit&quot;:&quot;px&quot;,&quot;size&quot;:&quot;&quot;,&quot;sizes&quot;:[]}}\" data-widget_type=\"loop-grid.post\">\n\t\t\t\t<div class=\"elementor-widget-container\">\n\t\t\t\t\t\t\t<div class=\"elementor-loop-container elementor-grid\" role=\"list\">\n\t\t<style id=\"loop-107\">.elementor-107 .elementor-element.elementor-element-e1cfd3e{--display:flex;--flex-direction:column;--container-widget-width:100%;--container-widget-height:initial;--container-widget-flex-grow:0;--container-widget-align-self:initial;--flex-wrap-mobile:wrap;--padding-top:0px;--padding-bottom:0px;--padding-left:0px;--padding-right:0px;}.elementor-widget-image .widget-image-caption{color:var( --e-global-color-text );font-family:var( --e-global-typography-text-font-family ), Sans-serif;font-weight:var( --e-global-typography-text-font-weight );}.elementor-107 .elementor-element.elementor-element-6dafae9 img{width:100%;height:350px;object-fit:cover;object-position:center center;border-radius:8px 8px 8px 8px;}.elementor-107 .elementor-element.elementor-element-4ec3304{--display:flex;--flex-direction:row;--container-widget-width:calc( ( 1 - var( --container-widget-flex-grow ) ) * 100% );--container-widget-height:100%;--container-widget-flex-grow:1;--container-widget-align-self:stretch;--flex-wrap-mobile:wrap;--justify-content:space-between;--align-items:center;border-style:solid;--border-style:solid;border-width:0px 0px 1px 0px;--border-top-width:0px;--border-right-width:0px;--border-bottom-width:1px;--border-left-width:0px;border-color:#FFFFFF1F;--border-color:#FFFFFF1F;--padding-top:0px;--padding-bottom:12px;--padding-left:0px;--padding-right:0px;}.elementor-widget-heading .elementor-heading-title{font-family:var( --e-global-typography-primary-font-family ), Sans-serif;font-weight:var( --e-global-typography-primary-font-weight );color:var( --e-global-color-primary );}.elementor-107 .elementor-element.elementor-element-8f813ad .elementor-heading-title{font-family:\"Inter\", Sans-serif;font-size:25px;font-weight:600;color:#FFFFFF;}.elementor-widget-icon.elementor-view-stacked .elementor-icon{background-color:var( --e-global-color-primary );}.elementor-widget-icon.elementor-view-framed .elementor-icon, .elementor-widget-icon.elementor-view-default .elementor-icon{color:var( --e-global-color-primary );border-color:var( --e-global-color-primary );}.elementor-widget-icon.elementor-view-framed .elementor-icon, .elementor-widget-icon.elementor-view-default .elementor-icon svg{fill:var( --e-global-color-primary );}.elementor-107 .elementor-element.elementor-element-cef4f35 .elementor-icon-wrapper{text-align:center;}.elementor-107 .elementor-element.elementor-element-cef4f35.elementor-view-stacked .elementor-icon{background-color:var( --e-global-color-primary );color:#FFFFFF;}.elementor-107 .elementor-element.elementor-element-cef4f35.elementor-view-framed .elementor-icon, .elementor-107 .elementor-element.elementor-element-cef4f35.elementor-view-default .elementor-icon{color:var( --e-global-color-primary );border-color:var( --e-global-color-primary );}.elementor-107 .elementor-element.elementor-element-cef4f35.elementor-view-framed .elementor-icon, .elementor-107 .elementor-element.elementor-element-cef4f35.elementor-view-default .elementor-icon svg{fill:var( --e-global-color-primary );}.elementor-107 .elementor-element.elementor-element-cef4f35.elementor-view-framed .elementor-icon{background-color:#FFFFFF;}.elementor-107 .elementor-element.elementor-element-cef4f35.elementor-view-stacked .elementor-icon svg{fill:#FFFFFF;}.elementor-107 .elementor-element.elementor-element-cef4f35.elementor-view-stacked .elementor-icon:hover{background-color:var( --e-global-color-secondary );color:#FFFFFF;}.elementor-107 .elementor-element.elementor-element-cef4f35.elementor-view-framed .elementor-icon:hover, .elementor-107 .elementor-element.elementor-element-cef4f35.elementor-view-default .elementor-icon:hover{color:var( --e-global-color-secondary );border-color:var( --e-global-color-secondary );}.elementor-107 .elementor-element.elementor-element-cef4f35.elementor-view-framed .elementor-icon:hover, .elementor-107 .elementor-element.elementor-element-cef4f35.elementor-view-default .elementor-icon:hover svg{fill:var( --e-global-color-secondary );}.elementor-107 .elementor-element.elementor-element-cef4f35.elementor-view-framed .elementor-icon:hover{background-color:#FFFFFF;}.elementor-107 .elementor-element.elementor-element-cef4f35.elementor-view-stacked .elementor-icon:hover svg{fill:#FFFFFF;}.elementor-107 .elementor-element.elementor-element-cef4f35 .elementor-icon{font-size:20px;padding:5px;}.elementor-107 .elementor-element.elementor-element-cef4f35 .elementor-icon svg{height:20px;}.elementor-widget-text-editor{font-family:var( --e-global-typography-text-font-family ), Sans-serif;font-weight:var( --e-global-typography-text-font-weight );color:var( --e-global-color-text );}.elementor-widget-text-editor.elementor-drop-cap-view-stacked .elementor-drop-cap{background-color:var( --e-global-color-primary );}.elementor-widget-text-editor.elementor-drop-cap-view-framed .elementor-drop-cap, .elementor-widget-text-editor.elementor-drop-cap-view-default .elementor-drop-cap{color:var( --e-global-color-primary );border-color:var( --e-global-color-primary );}.elementor-107 .elementor-element.elementor-element-fe7f0c8{font-family:\"Inter Tight\", Sans-serif;font-size:16px;font-weight:400;color:#FFFFFF;}@media(max-width:767px){.elementor-107 .elementor-element.elementor-element-6dafae9 img{height:250px;}.elementor-107 .elementor-element.elementor-element-8f813ad .elementor-heading-title{font-size:20px;}.elementor-107 .elementor-element.elementor-element-cef4f35 .elementor-icon{font-size:16px;}.elementor-107 .elementor-element.elementor-element-cef4f35 .elementor-icon svg{height:16px;}.elementor-107 .elementor-element.elementor-element-fe7f0c8{font-size:15px;}}<\/style>\t\t<div data-elementor-type=\"loop-item\" data-elementor-id=\"107\" class=\"elementor elementor-107 e-loop-item e-loop-item-30 post-30 page type-page status-publish has-post-thumbnail hentry\" data-elementor-post-type=\"elementor_library\" data-custom-edit-handle=\"1\">\n\t\t\t<a class=\"elementor-element elementor-element-e1cfd3e e-flex e-con-boxed e-con e-parent\" data-id=\"e1cfd3e\" data-element_type=\"container\" href=\"https:\/\/kystarbeid.no\/en\/references\/customer-references\/\">\n\t\t\t\t\t<div class=\"e-con-inner\">\n\t\t\t\t<div class=\"elementor-element elementor-element-6dafae9 elementor-widget elementor-widget-image\" data-id=\"6dafae9\" data-element_type=\"widget\" data-widget_type=\"image.default\">\n\t\t\t\t<div class=\"elementor-widget-container\">\n\t\t\t\t\t\t\t\t\t\t\t\t\t\t\t<img fetchpriority=\"high\" decoding=\"async\" width=\"1300\" height=\"1300\" src=\"https:\/\/kystarbeid.no\/wp-content\/uploads\/2025\/06\/0C2B3F69-4B19-4244-B788-C8590369C216-1300x1300-1.jpg\" class=\"attachment-full size-full wp-image-291\" alt=\"\" srcset=\"https:\/\/kystarbeid.no\/wp-content\/uploads\/2025\/06\/0C2B3F69-4B19-4244-B788-C8590369C216-1300x1300-1.jpg 1300w, https:\/\/kystarbeid.no\/wp-content\/uploads\/2025\/06\/0C2B3F69-4B19-4244-B788-C8590369C216-1300x1300-1-300x300.jpg 300w, https:\/\/kystarbeid.no\/wp-content\/uploads\/2025\/06\/0C2B3F69-4B19-4244-B788-C8590369C216-1300x1300-1-1024x1024.jpg 1024w, https:\/\/kystarbeid.no\/wp-content\/uploads\/2025\/06\/0C2B3F69-4B19-4244-B788-C8590369C216-1300x1300-1-150x150.jpg 150w, https:\/\/kystarbeid.no\/wp-content\/uploads\/2025\/06\/0C2B3F69-4B19-4244-B788-C8590369C216-1300x1300-1-768x768.jpg 768w, https:\/\/kystarbeid.no\/wp-content\/uploads\/2025\/06\/0C2B3F69-4B19-4244-B788-C8590369C216-1300x1300-1-12x12.jpg 12w\" sizes=\"(max-width: 1300px) 100vw, 1300px\" \/>\t\t\t\t\t\t\t\t\t\t\t\t\t\t\t<\/div>\n\t\t\t\t<\/div>\n\t\t<div class=\"elementor-element elementor-element-4ec3304 e-con-full e-flex e-con e-child\" data-id=\"4ec3304\" data-element_type=\"container\">\n\t\t\t\t<div class=\"elementor-element elementor-element-8f813ad elementor-widget elementor-widget-heading\" data-id=\"8f813ad\" data-element_type=\"widget\" data-widget_type=\"heading.default\">\n\t\t\t\t<div class=\"elementor-widget-container\">\n\t\t\t\t\t<h2 class=\"elementor-heading-title elementor-size-default\">Customer references<\/h2>\t\t\t\t<\/div>\n\t\t\t\t<\/div>\n\t\t\t\t<div class=\"elementor-element elementor-element-cef4f35 elementor-view-stacked elementor-shape-rounded elementor-widget elementor-widget-icon\" data-id=\"cef4f35\" data-element_type=\"widget\" data-widget_type=\"icon.default\">\n\t\t\t\t<div class=\"elementor-widget-container\">\n\t\t\t\t\t\t\t<div class=\"elementor-icon-wrapper\">\n\t\t\t<div class=\"elementor-icon\">\n\t\t\t<svg aria-hidden=\"true\" class=\"e-font-icon-svg e-fas-angle-right\" viewbox=\"0 0 256 512\" xmlns=\"http:\/\/www.w3.org\/2000\/svg\"><path d=\"M224.3 273l-136 136c-9.4 9.4-24.6 9.4-33.9 0l-22.6-22.6c-9.4-9.4-9.4-24.6 0-33.9l96.4-96.4-96.4-96.4c-9.4-9.4-9.4-24.6 0-33.9L54.3 103c9.4-9.4 24.6-9.4 33.9 0l136 136c9.5 9.4 9.5 24.6.1 34z\"><\/path><\/svg>\t\t\t<\/div>\n\t\t<\/div>\n\t\t\t\t\t\t<\/div>\n\t\t\t\t<\/div>\n\t\t\t\t<\/div>\n\t\t\t\t<div class=\"elementor-element elementor-element-fe7f0c8 elementor-widget elementor-widget-text-editor\" data-id=\"fe7f0c8\" data-element_type=\"widget\" data-widget_type=\"text-editor.default\">\n\t\t\t\t<div class=\"elementor-widget-container\">\n\t\t\t\t\t\t\t\t\tRead what our customers say \u2013 experiences and references from Sven Gundersen, Arctic Seaweed AS, and more. Contact us for collaboration and further information!\t\t\t\t\t\t\t\t<\/div>\n\t\t\t\t<\/div>\n\t\t\t\t\t<\/div>\n\t\t\t\t<\/a>\n\t\t\t\t<\/div>\n\t\t\t\t<div data-elementor-type=\"loop-item\" data-elementor-id=\"107\" class=\"elementor elementor-107 e-loop-item e-loop-item-209 post-209 page type-page status-publish has-post-thumbnail hentry\" data-elementor-post-type=\"elementor_library\" data-custom-edit-handle=\"1\">\n\t\t\t<a class=\"elementor-element elementor-element-e1cfd3e e-flex e-con-boxed e-con e-parent\" data-id=\"e1cfd3e\" data-element_type=\"container\" href=\"https:\/\/kystarbeid.no\/en\/references\/photo-references\/\">\n\t\t\t\t\t<div class=\"e-con-inner\">\n\t\t\t\t<div class=\"elementor-element elementor-element-6dafae9 elementor-widget elementor-widget-image\" data-id=\"6dafae9\" data-element_type=\"widget\" data-widget_type=\"image.default\">\n\t\t\t\t<div class=\"elementor-widget-container\">\n\t\t\t\t\t\t\t\t\t\t\t\t\t\t\t<img decoding=\"async\" width=\"1024\" height=\"768\" src=\"https:\/\/kystarbeid.no\/wp-content\/uploads\/2025\/06\/EDB6DF9F-7E62-45BC-92AD-E02D1488F737-1024x768-1.jpg\" class=\"attachment-full size-full wp-image-336\" alt=\"\" srcset=\"https:\/\/kystarbeid.no\/wp-content\/uploads\/2025\/06\/EDB6DF9F-7E62-45BC-92AD-E02D1488F737-1024x768-1.jpg 1024w, https:\/\/kystarbeid.no\/wp-content\/uploads\/2025\/06\/EDB6DF9F-7E62-45BC-92AD-E02D1488F737-1024x768-1-300x225.jpg 300w, https:\/\/kystarbeid.no\/wp-content\/uploads\/2025\/06\/EDB6DF9F-7E62-45BC-92AD-E02D1488F737-1024x768-1-768x576.jpg 768w, https:\/\/kystarbeid.no\/wp-content\/uploads\/2025\/06\/EDB6DF9F-7E62-45BC-92AD-E02D1488F737-1024x768-1-16x12.jpg 16w\" sizes=\"(max-width: 1024px) 100vw, 1024px\" \/>\t\t\t\t\t\t\t\t\t\t\t\t\t\t\t<\/div>\n\t\t\t\t<\/div>\n\t\t<div class=\"elementor-element elementor-element-4ec3304 e-con-full e-flex e-con e-child\" data-id=\"4ec3304\" data-element_type=\"container\">\n\t\t\t\t<div class=\"elementor-element elementor-element-8f813ad elementor-widget elementor-widget-heading\" data-id=\"8f813ad\" data-element_type=\"widget\" data-widget_type=\"heading.default\">\n\t\t\t\t<div class=\"elementor-widget-container\">\n\t\t\t\t\t<h2 class=\"elementor-heading-title elementor-size-default\">Photo reference<\/h2>\t\t\t\t<\/div>\n\t\t\t\t<\/div>\n\t\t\t\t<div class=\"elementor-element elementor-element-cef4f35 elementor-view-stacked elementor-shape-rounded elementor-widget elementor-widget-icon\" data-id=\"cef4f35\" data-element_type=\"widget\" data-widget_type=\"icon.default\">\n\t\t\t\t<div class=\"elementor-widget-container\">\n\t\t\t\t\t\t\t<div class=\"elementor-icon-wrapper\">\n\t\t\t<div class=\"elementor-icon\">\n\t\t\t<svg aria-hidden=\"true\" class=\"e-font-icon-svg e-fas-angle-right\" viewbox=\"0 0 256 512\" xmlns=\"http:\/\/www.w3.org\/2000\/svg\"><path d=\"M224.3 273l-136 136c-9.4 9.4-24.6 9.4-33.9 0l-22.6-22.6c-9.4-9.4-9.4-24.6 0-33.9l96.4-96.4-96.4-96.4c-9.4-9.4-9.4-24.6 0-33.9L54.3 103c9.4-9.4 24.6-9.4 33.9 0l136 136c9.5 9.4 9.5 24.6.1 34z\"><\/path><\/svg>\t\t\t<\/div>\n\t\t<\/div>\n\t\t\t\t\t\t<\/div>\n\t\t\t\t<\/div>\n\t\t\t\t<\/div>\n\t\t\t\t<div class=\"elementor-element elementor-element-fe7f0c8 elementor-widget elementor-widget-text-editor\" data-id=\"fe7f0c8\" data-element_type=\"widget\" data-widget_type=\"text-editor.default\">\n\t\t\t\t<div class=\"elementor-widget-container\">\n\t\t\t\t\t\t\t\t\tSee our references with customer experiences and photo references from bolt drilling, quay work, concrete quays, and hull cleaning. Contact us for more information!\t\t\t\t\t\t\t\t<\/div>\n\t\t\t\t<\/div>\n\t\t\t\t\t<\/div>\n\t\t\t\t<\/a>\n\t\t\t\t<\/div>\n\t\t\t\t<\/div>\n\t\t\n\t\t\t\t\t\t<\/div>\n\t\t\t\t<\/div>\n\t\t\t\t<\/div>\n\t\t\t\t\t<\/div>\n\t\t\t\t<\/div>\n\t\t\t\t<\/div>","protected":false},"excerpt":{"rendered":"<p>V\u00e5re referanser Kystarbeid AS har solide referanser fra oppdrag innen dykking, kaiarbeid, ROV og skrogvask. V\u00e5re kunders erfaringer viser kvalitet, trygghet og p\u00e5litelig leveranse. V\u00e5re tjenester Kontakt oss<\/p>","protected":false},"author":1,"featured_media":1386,"parent":0,"menu_order":0,"comment_status":"closed","ping_status":"closed","template":"","meta":{"_acf_changed":false,"footnotes":""},"class_list":["post-22","page","type-page","status-publish","has-post-thumbnail","hentry"],"acf":[],"yoast_head":"<!-- This site is optimized with the Yoast SEO plugin v26.0 - https:\/\/yoast.com\/wordpress\/plugins\/seo\/ -->\n<title>Kundereferanser innen dykking og ROV | Kystarbeid AS<\/title>\n<meta name=\"description\" content=\"Se referanser fra dykkertjenester, ROV, kaiarbeid og mer. Kystarbeid AS leverer trygghet, kvalitet og p\u00e5litelighet i alle prosjekter.\" \/>\n<meta name=\"robots\" content=\"index, follow, max-snippet:-1, max-image-preview:large, max-video-preview:-1\" \/>\n<link rel=\"canonical\" href=\"https:\/\/kystarbeid.no\/en\/references\/\" \/>\n<meta property=\"og:locale\" content=\"en_GB\" \/>\n<meta property=\"og:type\" content=\"article\" \/>\n<meta property=\"og:title\" content=\"Kundereferanser innen dykking og ROV | Kystarbeid AS\" \/>\n<meta property=\"og:description\" content=\"Se referanser fra dykkertjenester, ROV, kaiarbeid og mer. Kystarbeid AS leverer trygghet, kvalitet og p\u00e5litelighet i alle prosjekter.\" \/>\n<meta property=\"og:url\" content=\"https:\/\/kystarbeid.no\/en\/references\/\" \/>\n<meta property=\"og:site_name\" content=\"Kystarbeid AS\" \/>\n<meta property=\"article:modified_time\" content=\"2025-09-26T14:22:30+00:00\" \/>\n<meta property=\"og:image\" content=\"https:\/\/kystarbeid.no\/wp-content\/uploads\/2025\/09\/opengraph-kystarbeid.jpg\" \/>\n\t<meta property=\"og:image:width\" content=\"2048\" \/>\n\t<meta property=\"og:image:height\" content=\"1363\" \/>\n\t<meta property=\"og:image:type\" content=\"image\/jpeg\" \/>\n<meta name=\"twitter:card\" content=\"summary_large_image\" \/>\n<meta name=\"twitter:label1\" content=\"Estimated reading time\" \/>\n\t<meta name=\"twitter:data1\" content=\"1 minute\" \/>\n<script type=\"application\/ld+json\" class=\"yoast-schema-graph\">{\"@context\":\"https:\/\/schema.org\",\"@graph\":[{\"@type\":\"WebPage\",\"@id\":\"https:\/\/kystarbeid.no\/referanser\/\",\"url\":\"https:\/\/kystarbeid.no\/referanser\/\",\"name\":\"Kundereferanser innen dykking og ROV | Kystarbeid AS\",\"isPartOf\":{\"@id\":\"https:\/\/kystarbeid.no\/#website\"},\"primaryImageOfPage\":{\"@id\":\"https:\/\/kystarbeid.no\/referanser\/#primaryimage\"},\"image\":{\"@id\":\"https:\/\/kystarbeid.no\/referanser\/#primaryimage\"},\"thumbnailUrl\":\"https:\/\/kystarbeid.no\/wp-content\/uploads\/2025\/09\/opengraph-kystarbeid.jpg\",\"datePublished\":\"2025-06-16T13:52:15+00:00\",\"dateModified\":\"2025-09-26T14:22:30+00:00\",\"description\":\"Se referanser fra dykkertjenester, ROV, kaiarbeid og mer. Kystarbeid AS leverer trygghet, kvalitet og p\u00e5litelighet i alle prosjekter.\",\"breadcrumb\":{\"@id\":\"https:\/\/kystarbeid.no\/referanser\/#breadcrumb\"},\"inLanguage\":\"en-GB\",\"potentialAction\":[{\"@type\":\"ReadAction\",\"target\":[\"https:\/\/kystarbeid.no\/referanser\/\"]}]},{\"@type\":\"ImageObject\",\"inLanguage\":\"en-GB\",\"@id\":\"https:\/\/kystarbeid.no\/referanser\/#primaryimage\",\"url\":\"https:\/\/kystarbeid.no\/wp-content\/uploads\/2025\/09\/opengraph-kystarbeid.jpg\",\"contentUrl\":\"https:\/\/kystarbeid.no\/wp-content\/uploads\/2025\/09\/opengraph-kystarbeid.jpg\",\"width\":2048,\"height\":1363},{\"@type\":\"BreadcrumbList\",\"@id\":\"https:\/\/kystarbeid.no\/referanser\/#breadcrumb\",\"itemListElement\":[{\"@type\":\"ListItem\",\"position\":1,\"name\":\"Hjem\",\"item\":\"https:\/\/kystarbeid.no\/\"},{\"@type\":\"ListItem\",\"position\":2,\"name\":\"Referanser\"}]},{\"@type\":\"WebSite\",\"@id\":\"https:\/\/kystarbeid.no\/#website\",\"url\":\"https:\/\/kystarbeid.no\/\",\"name\":\"Kystarbeid AS\",\"description\":\"Dykkerfirma for krevende oppdrag\",\"potentialAction\":[{\"@type\":\"SearchAction\",\"target\":{\"@type\":\"EntryPoint\",\"urlTemplate\":\"https:\/\/kystarbeid.no\/?s={search_term_string}\"},\"query-input\":{\"@type\":\"PropertyValueSpecification\",\"valueRequired\":true,\"valueName\":\"search_term_string\"}}],\"inLanguage\":\"en-GB\"}]}<\/script>\n<!-- \/ Yoast SEO plugin. -->","yoast_head_json":{"title":"Customer references in diving and ROV | Kystarbeid AS","description":"See references from diving services, ROV, quay work, and more. Kystarbeid AS delivers safety, quality, and reliability in all projects.","robots":{"index":"index","follow":"follow","max-snippet":"max-snippet:-1","max-image-preview":"max-image-preview:large","max-video-preview":"max-video-preview:-1"},"canonical":"https:\/\/kystarbeid.no\/en\/references\/","og_locale":"en_GB","og_type":"article","og_title":"Kundereferanser innen dykking og ROV | Kystarbeid AS","og_description":"Se referanser fra dykkertjenester, ROV, kaiarbeid og mer. Kystarbeid AS leverer trygghet, kvalitet og p\u00e5litelighet i alle prosjekter.","og_url":"https:\/\/kystarbeid.no\/en\/references\/","og_site_name":"Kystarbeid AS","article_modified_time":"2025-09-26T14:22:30+00:00","og_image":[{"width":2048,"height":1363,"url":"https:\/\/kystarbeid.no\/wp-content\/uploads\/2025\/09\/opengraph-kystarbeid.jpg","type":"image\/jpeg"}],"twitter_card":"summary_large_image","twitter_misc":{"Estimated reading time":"1 minute"},"schema":{"@context":"https:\/\/schema.org","@graph":[{"@type":"WebPage","@id":"https:\/\/kystarbeid.no\/referanser\/","url":"https:\/\/kystarbeid.no\/referanser\/","name":"Customer references in diving and ROV | Kystarbeid AS","isPartOf":{"@id":"https:\/\/kystarbeid.no\/#website"},"primaryImageOfPage":{"@id":"https:\/\/kystarbeid.no\/referanser\/#primaryimage"},"image":{"@id":"https:\/\/kystarbeid.no\/referanser\/#primaryimage"},"thumbnailUrl":"https:\/\/kystarbeid.no\/wp-content\/uploads\/2025\/09\/opengraph-kystarbeid.jpg","datePublished":"2025-06-16T13:52:15+00:00","dateModified":"2025-09-26T14:22:30+00:00","description":"See references from diving services, ROV, quay work, and more. Kystarbeid AS delivers safety, quality, and reliability in all projects.","breadcrumb":{"@id":"https:\/\/kystarbeid.no\/referanser\/#breadcrumb"},"inLanguage":"en-GB","potentialAction":[{"@type":"ReadAction","target":["https:\/\/kystarbeid.no\/referanser\/"]}]},{"@type":"ImageObject","inLanguage":"en-GB","@id":"https:\/\/kystarbeid.no\/referanser\/#primaryimage","url":"https:\/\/kystarbeid.no\/wp-content\/uploads\/2025\/09\/opengraph-kystarbeid.jpg","contentUrl":"https:\/\/kystarbeid.no\/wp-content\/uploads\/2025\/09\/opengraph-kystarbeid.jpg","width":2048,"height":1363},{"@type":"BreadcrumbList","@id":"https:\/\/kystarbeid.no\/referanser\/#breadcrumb","itemListElement":[{"@type":"ListItem","position":1,"name":"Hjem","item":"https:\/\/kystarbeid.no\/"},{"@type":"ListItem","position":2,"name":"Referanser"}]},{"@type":"WebSite","@id":"https:\/\/kystarbeid.no\/#website","url":"https:\/\/kystarbeid.no\/","name":"Kystarbeid AS","description":"Dykkerfirma for krevende oppdrag","potentialAction":[{"@type":"SearchAction","target":{"@type":"EntryPoint","urlTemplate":"https:\/\/kystarbeid.no\/?s={search_term_string}"},"query-input":{"@type":"PropertyValueSpecification","valueRequired":true,"valueName":"search_term_string"}}],"inLanguage":"en-GB"}]}},"_links":{"self":[{"href":"https:\/\/kystarbeid.no\/en\/wp-json\/wp\/v2\/pages\/22","targetHints":{"allow":["GET"]}}],"collection":[{"href":"https:\/\/kystarbeid.no\/en\/wp-json\/wp\/v2\/pages"}],"about":[{"href":"https:\/\/kystarbeid.no\/en\/wp-json\/wp\/v2\/types\/page"}],"author":[{"embeddable":true,"href":"https:\/\/kystarbeid.no\/en\/wp-json\/wp\/v2\/users\/1"}],"replies":[{"embeddable":true,"href":"https:\/\/kystarbeid.no\/en\/wp-json\/wp\/v2\/comments?post=22"}],"version-history":[{"count":5,"href":"https:\/\/kystarbeid.no\/en\/wp-json\/wp\/v2\/pages\/22\/revisions"}],"predecessor-version":[{"id":1248,"href":"https:\/\/kystarbeid.no\/en\/wp-json\/wp\/v2\/pages\/22\/revisions\/1248"}],"wp:featuredmedia":[{"embeddable":true,"href":"https:\/\/kystarbeid.no\/en\/wp-json\/wp\/v2\/media\/1386"}],"wp:attachment":[{"href":"https:\/\/kystarbeid.no\/en\/wp-json\/wp\/v2\/media?parent=22"}],"curies":[{"name":"wp","href":"https:\/\/api.w.org\/{rel}","templated":true}]}}